{"id":296,"date":"2017-12-07T03:29:11","date_gmt":"2017-12-07T00:29:11","guid":{"rendered":"http:\/\/shtheme.com\/demosd\/straight1\/?page_id=296"},"modified":"2021-10-27T13:51:54","modified_gmt":"2021-10-27T10:51:54","slug":"iletisim","status":"publish","type":"page","link":"https:\/\/www.ozbobinaj.com\/index.php\/iletisim\/","title":{"rendered":"\u0130leti\u015fim"},"content":{"rendered":"<p>[vc_row][vc_column]<div role=\"form\" class=\"wpcf7\" id=\"wpcf7-f295-o1\" lang=\"en-US\" dir=\"ltr\">\n<div class=\"screen-reader-response\"><p role=\"status\" aria-live=\"polite\" aria-atomic=\"true\"><\/p> <ul><\/ul><\/div>\n<form action=\"\/index.php\/wp-json\/wp\/v2\/pages\/296#wpcf7-f295-o1\" method=\"post\" class=\"wpcf7-form init\" novalidate=\"novalidate\" data-status=\"init\">\n<div style=\"display: none;\">\n<input type=\"hidden\" name=\"_wpcf7\" value=\"295\" \/>\n<input type=\"hidden\" name=\"_wpcf7_version\" value=\"5.6.4\" \/>\n<input type=\"hidden\" name=\"_wpcf7_locale\" value=\"en_US\" \/>\n<input type=\"hidden\" name=\"_wpcf7_unit_tag\" value=\"wpcf7-f295-o1\" \/>\n<input type=\"hidden\" name=\"_wpcf7_container_post\" value=\"0\" \/>\n<input type=\"hidden\" name=\"_wpcf7_posted_data_hash\" value=\"\" \/>\n<\/div>\n<section class=\"contact_us_area pad_100\">\n<div class=\"container\">\n<div class=\"c_left_title\">\n<h2>Bize ula\u015f\u0131n<\/h2>\n<p> T\u00fcm soru ve istekleriniz i\u00e7in a\u015fa\u011f\u0131daki ileti\u015fim formu arac\u0131l\u0131\u011f\u0131yla bize mesaj g\u00f6nderebilirsiniz.<\/p>\n<\/div>\n<div class=\"row contact_inner\">\n<div class=\"col-md-6\">\n<div class=\"querry_contact\">\n<div class=\"contact_us_form row\">\n<div class=\"form-group col-md-12\">\n                                    <span class=\"wpcf7-form-control-wrap\" data-name=\"your-email\"><input type=\"email\" name=\"your-email\" value=\"\" size=\"40\" class=\"wpcf7-form-control wpcf7-text wpcf7-email wpcf7-validates-as-required wpcf7-validates-as-email form-control\" aria-required=\"true\" aria-invalid=\"false\" placeholder=\"E-Posta Adresi*\" \/><\/span>\n                                <\/div>\n<div class=\"form-group col-md-12\">\n                                    <span class=\"wpcf7-form-control-wrap\" data-name=\"subject\"><input type=\"text\" name=\"subject\" value=\"\" size=\"40\" class=\"wpcf7-form-control wpcf7-text wpcf7-validates-as-required form-control\" aria-required=\"true\" aria-invalid=\"false\" placeholder=\"Konu*\" \/><\/span>\n                                <\/div>\n<div class=\"form-group col-md-12\">\n                                    <span class=\"wpcf7-form-control-wrap\" data-name=\"your-message\"><textarea name=\"your-message\" cols=\"40\" rows=\"1\" class=\"wpcf7-form-control wpcf7-textarea form-control\" aria-invalid=\"false\" placeholder=\"Mesaj\u0131n\u0131z*\"><\/textarea><\/span>\n                                <\/div>\n<div class=\"form-group col-md-12\">\n                                    <input type=\"submit\" value=\"G\u00f6nder\" class=\"wpcf7-form-control has-spinner wpcf7-submit btn_contact1 btn submit_btn form-control\" \/>\n                                <\/div>\n<\/div>\n<\/div>\n<\/div>\n<div class=\"col-md-4 col-md-offset-2\">\n<div class=\"contact_address\">\n<div class=\"c_address_item\">\n<h5>Adres:<\/h5>\n<p>Ta\u015fk\u00f6pr\u00fc Sanayi Sitesi, 2. Yol No:4 <br \/>Ta\u015fk\u00f6pr\u00fc-\u00c7iftlikk\u00f6y\/YALOVA<\/p>\n<\/div>\n<div class=\"c_address_item\">\n<h5>Telefon:<\/h5>\n<p>                                <a href=\"#\">0226 353 26 03<\/a><br \/>\n                                <a href=\"#\">0532 156 95 77<\/a>\n                            <\/div>\n<div class=\"c_address_item\">\n<h5>E-Posta:<\/h5>\n<p>                                <a href=\"#\">info@ozbobinaj.com<\/a>\n                            <\/div>\n<\/div>\n<\/div>\n<\/div>\n<\/div>\n<\/section>\n<div class=\"wpcf7-response-output\" aria-hidden=\"true\"><\/div><\/form><\/div>[\/vc_column][\/vc_row][vc_row][vc_column][vc_gmaps link=&#8221;#E-8_JTNDaWZyYW1lJTIwc3JjJTNEJTIyaHR0cHMlM0ElMkYlMkZ3d3cuZ29vZ2xlLmNvbSUyRm1hcHMlMkZlbWJlZCUzRnBiJTNEJTIxMW0xOCUyMTFtMTIlMjExbTMlMjExZDMwMjUuNzYyNDM3MDQyMTE4JTIxMmQyOS4zOTYzOTkwMTUyMzkwNDQlMjEzZDQwLjY3OTIwMzA0NzU1ODUyNCUyMTJtMyUyMTFmMCUyMTJmMCUyMTNmMCUyMTNtMiUyMTFpMTAyNCUyMTJpNzY4JTIxNGYxMy4xJTIxM20zJTIxMW0yJTIxMXMweDE0Y2FlMjE0MjZkMWRhYmYlMjUzQTB4N2E1NmI3NDg2MDI2M2YyMiUyMTJ6dzVaYUlFSlBRc1N3VGtGS0lGbEJURTlXUVElMjE1ZTAlMjEzbTIlMjExc3RyJTIxMnN0ciUyMTR2MTYzNTMzMTU0NzQ3NCUyMTVtMiUyMTFzdHIlMjEyc3RyJTIyJTIwd2lkdGglM0QlMjI2MDAlMjIlMjBoZWlnaHQlM0QlMjI0NTAlMjIlMjBzdHlsZSUzRCUyMmJvcmRlciUzQTAlM0IlMjIlMjBhbGxvd2Z1bGxzY3JlZW4lM0QlMjIlMjIlMjBsb2FkaW5nJTNEJTIybGF6eSUyMiUzRSUzQyUyRmlmcmFtZSUzRQ==&#8221;][\/vc_column][\/vc_row]<\/p>\n","protected":false},"excerpt":{"rendered":"<p>[vc_row][vc_column][\/vc_column][\/vc_row][vc_row][vc_column][vc_gmaps link=&#8221;#E-8_JTNDaWZyYW1lJTIwc3JjJTNEJTIyaHR0cHMlM0ElMkYlMkZ3d3cuZ29vZ2xlLmNvbSUyRm1hcHMlMkZlbWJlZCUzRnBiJTNEJTIxMW0xOCUyMTFtMTIlMjExbTMlMjExZDMwMjUuNzYyNDM3MDQyMTE4JTIxMmQyOS4zOTYzOTkwMTUyMzkwNDQlMjEzZDQwLjY3OTIwMzA0NzU1ODUyNCUyMTJtMyUyMTFmMCUyMTJmMCUyMTNmMCUyMTNtMiUyMTFpMTAyNCUyMTJpNzY4JTIxNGYxMy4xJTIxM20zJTIxMW0yJTIxMXMweDE0Y2FlMjE0MjZkMWRhYmYlMjUzQTB4N2E1NmI3NDg2MDI2M2YyMiUyMTJ6dzVaYUlFSlBRc1N3VGtGS0lGbEJURTlXUVElMjE1ZTAlMjEzbTIlMjExc3RyJTIxMnN0ciUyMTR2MTYzNTMzMTU0NzQ3NCUyMTVtMiUyMTFzdHIlMjEyc3RyJTIyJTIwd2lkdGglM0QlMjI2MDAlMjIlMjBoZWlnaHQlM0QlMjI0NTAlMjIlMjBzdHlsZSUzRCUyMmJvcmRlciUzQTAlM0IlMjIlMjBhbGxvd2Z1bGxzY3JlZW4lM0QlMjIlMjIlMjBsb2FkaW5nJTNEJTIybGF6eSUyMiUzRSUzQyUyRmlmcmFtZSUzRQ==&#8221;][\/vc_column][\/vc_row]<\/p>\n","protected":false},"author":1,"featured_media":0,"parent":0,"menu_order":0,"comment_status":"closed","ping_status":"closed","template":"page-templates\/other-page.php","meta":{"_monsterinsights_skip_tracking":false,"_monsterinsights_sitenote_active":false,"_monsterinsights_sitenote_note":"","_monsterinsights_sitenote_category":0,"footnotes":""},"class_list":["post-296","page","type-page","status-publish","hentry"],"aioseo_notices":[],"_links":{"self":[{"href":"https:\/\/www.ozbobinaj.com\/index.php\/wp-json\/wp\/v2\/pages\/296","targetHints":{"allow":["GET"]}}],"collection":[{"href":"https:\/\/www.ozbobinaj.com\/index.php\/wp-json\/wp\/v2\/pages"}],"about":[{"href":"https:\/\/www.ozbobinaj.com\/index.php\/wp-json\/wp\/v2\/types\/page"}],"author":[{"embeddable":true,"href":"https:\/\/www.ozbobinaj.com\/index.php\/wp-json\/wp\/v2\/users\/1"}],"replies":[{"embeddable":true,"href":"https:\/\/www.ozbobinaj.com\/index.php\/wp-json\/wp\/v2\/comments?post=296"}],"version-history":[{"count":11,"href":"https:\/\/www.ozbobinaj.com\/index.php\/wp-json\/wp\/v2\/pages\/296\/revisions"}],"predecessor-version":[{"id":450,"href":"https:\/\/www.ozbobinaj.com\/index.php\/wp-json\/wp\/v2\/pages\/296\/revisions\/450"}],"wp:attachment":[{"href":"https:\/\/www.ozbobinaj.com\/index.php\/wp-json\/wp\/v2\/media?parent=296"}],"curies":[{"name":"wp","href":"https:\/\/api.w.org\/{rel}","templated":true}]}}