{"id":130,"date":"2017-11-27T09:11:31","date_gmt":"2017-11-27T06:11:31","guid":{"rendered":"http:\/\/shtheme.com\/demosd\/straight1\/?page_id=130"},"modified":"2022-01-11T16:18:11","modified_gmt":"2022-01-11T13:18:11","slug":"anasayfa","status":"publish","type":"page","link":"https:\/\/www.ozbobinaj.com\/","title":{"rendered":"Anasayfa"},"content":{"rendered":"<p>[vc_row][vc_column][rev_slider_vc alias=&#8221;slider1&#8243;][\/vc_column][\/vc_row][vc_row type_row=&#8221;welcome&#8221; ses_title=&#8221;\u00d6z Bobinaj&#8217;a ho\u015f geldiniz&#8221; ses_subtitle=&#8221;Alan\u0131nda uzman kadromuz ile siz de\u011ferli m\u00fc\u015fterilerimize hizmet vermektedir. Firmam\u0131z b\u00fcnyesinde bobinaj sar\u0131m hizmetleri, matkap, hilti, k\u0131r\u0131c\u0131, delici, kaynak makinas\u0131, y\u0131kama makinalar\u0131 tamiri gibi bir \u00e7ok alanda hizmet veriyoruz.&#8221;][vc_column width=&#8221;1\/3&#8243; type=&#8221;column&#8221;] \n        <div class=\"welcome_f_item\">\n      <i class=\"flaticon-users\"><\/i>\n      <h4>Uzman Ekip<\/h4>\n      <p>Uzman, tecr\u00fcbeli ve etik \u00e7al\u0131\u015fan kadromuzla s\u00fcrekli hizmetinizde<\/p>\n  <\/div>\n  [\/vc_column][vc_column width=&#8221;1\/3&#8243; type=&#8221;column&#8221;] \n        <div class=\"welcome_f_item\">\n      <i class=\"flaticon-coins\"><\/i>\n      <h4>Uygun Fiyat<\/h4>\n      <p>Kaliteden \u00f6d\u00fcn vermeden, sizlere uygun fiyatl\u0131 hizmet veriyoruz.<\/p>\n  <\/div>\n  [\/vc_column][vc_column width=&#8221;1\/3&#8243; type=&#8221;column&#8221;] \n        <div class=\"welcome_f_item\">\n      <i class=\"flaticon-connection\"><\/i>\n      <h4>H\u0131zl\u0131 \u00c7\u00f6z\u00fcm<\/h4>\n      <p>Problemleri s\u00fcratle ve do\u011fru bir \u015fekilde \u00e7\u00f6z\u00fcm yoluna gidiyoruz.<\/p>\n  <\/div>\n  [\/vc_column][\/vc_row][vc_row][vc_column] \n    <section class=\"practice_area pad_100\">\n            <div class=\"container\">\n                <div class=\"left_title\">\n                    <h2>Hizmetlerimiz<\/h2>\n                    <p>M\u00fc\u015fterilerimize ve \u00e7\u00f6z\u00fcm ortaklar\u0131m\u0131za verdi\u011fimiz hizmetler aras\u0131nda, AC elektrik motor sar\u0131m\u0131, DC elektrik motor sar\u0131m\u0131, OG elektrik motor sar\u0131m\u0131, AG Trafo sar\u0131m\u0131,Dalg\u0131\u00e7 Pompa sar\u0131m\u0131, Motor bak\u0131mlar\u0131, Servo, Spindle motor bak\u0131m ve sar\u0131mlar\u0131, elektro magnet sar\u0131m\u0131, elektro manyetik fren sar\u0131mlar\u0131 gibi bir\u00e7ok ileri d\u00fczey hizmet bulunmakta.<\/p>\n                <\/div>\n                <div class=\"practice_slider owl-carousel\">\n                 \n                    <div class=\"item\">\n                        <div class=\"practice_item\">\n                            <div class=\"p_img_inner\">\n                                                        <a class=\"p_img\" href=\"https:\/\/www.ozbobinaj.com\/index.php\/service\/ac-dc-motor-sarimi\/\"><img decoding=\"async\" src=\"https:\/\/www.ozbobinaj.com\/wp-content\/uploads\/2021\/09\/ac-dc-motor-sarimi.jpg\" alt=\"\"><\/a>\n                                                        <a class=\"p_hover\" href=\"https:\/\/www.ozbobinaj.com\/index.php\/service\/ac-dc-motor-sarimi\/\">\n                            <h5>AC\/DC Motor Sar\u0131m\u0131<\/h5>\n                        <\/a>\n                            <\/div>\n                            <a href=\"https:\/\/www.ozbobinaj.com\/index.php\/service\/ac-dc-motor-sarimi\/\"><h4>AC\/DC Motor Sar\u0131m\u0131<\/h4><\/a>\n                        <\/div>\n                    <\/div>\n                     \n                    <div class=\"item\">\n                        <div class=\"practice_item\">\n                            <div class=\"p_img_inner\">\n                                                        <a class=\"p_img\" href=\"https:\/\/www.ozbobinaj.com\/index.php\/service\/motor-bakim-onarim\/\"><img decoding=\"async\" src=\"https:\/\/www.ozbobinaj.com\/wp-content\/uploads\/2021\/09\/motor-bakim-onarim.jpg\" alt=\"\"><\/a>\n                                                        <a class=\"p_hover\" href=\"https:\/\/www.ozbobinaj.com\/index.php\/service\/motor-bakim-onarim\/\">\n                            <h5>Motor Bak\u0131m Onar\u0131m<\/h5>\n                        <\/a>\n                            <\/div>\n                            <a href=\"https:\/\/www.ozbobinaj.com\/index.php\/service\/motor-bakim-onarim\/\"><h4>Motor Bak\u0131m Onar\u0131m<\/h4><\/a>\n                        <\/div>\n                    <\/div>\n                     \n                    <div class=\"item\">\n                        <div class=\"practice_item\">\n                            <div class=\"p_img_inner\">\n                                                        <a class=\"p_img\" href=\"https:\/\/www.ozbobinaj.com\/index.php\/service\/elektro-manyetik-fren-sarimi\/\"><img decoding=\"async\" src=\"https:\/\/www.ozbobinaj.com\/wp-content\/uploads\/2021\/09\/elektro-manyetik-fren-sarimi.jpg\" alt=\"\"><\/a>\n                                                        <a class=\"p_hover\" href=\"https:\/\/www.ozbobinaj.com\/index.php\/service\/elektro-manyetik-fren-sarimi\/\">\n                            <h5>Elektro Manyetik Fren Sar\u0131m\u0131<\/h5>\n                        <\/a>\n                            <\/div>\n                            <a href=\"https:\/\/www.ozbobinaj.com\/index.php\/service\/elektro-manyetik-fren-sarimi\/\"><h4>Elektro Manyetik Fren Sar\u0131m\u0131<\/h4><\/a>\n                        <\/div>\n                    <\/div>\n                     \n                    <div class=\"item\">\n                        <div class=\"practice_item\">\n                            <div class=\"p_img_inner\">\n                                                        <a class=\"p_img\" href=\"https:\/\/www.ozbobinaj.com\/index.php\/service\/ag-trafo-sarimi\/\"><img decoding=\"async\" src=\"https:\/\/www.ozbobinaj.com\/wp-content\/uploads\/2017\/11\/ag-trafo-sarimi.jpg\" alt=\"\"><\/a>\n                                                        <a class=\"p_hover\" href=\"https:\/\/www.ozbobinaj.com\/index.php\/service\/ag-trafo-sarimi\/\">\n                            <h5>AG Trafo Sar\u0131m\u0131<\/h5>\n                        <\/a>\n                            <\/div>\n                            <a href=\"https:\/\/www.ozbobinaj.com\/index.php\/service\/ag-trafo-sarimi\/\"><h4>AG Trafo Sar\u0131m\u0131<\/h4><\/a>\n                        <\/div>\n                    <\/div>\n                                    <\/div>\n            <\/div>\n        <\/section>\n\n[\/vc_column][\/vc_row][vc_row type_row=&#8221;since_area&#8221; ses_title=&#8221;\u00d6z Bobinaj 1981&#8217;den beri..&#8221; ses_subtitle=&#8221;Bobinaj sekt\u00f6r\u00fcndeki \u00e7\u00f6z\u00fcm orta\u011f\u0131n\u0131z.&#8221; ses_image=&#8221;142&#8243;][vc_column width=&#8221;1\/3&#8243; wap_class=&#8221;col-md-3 col-sm-4 col-xs-4&#8243; type=&#8221;column&#8221;] \n    <div class=\"since_count_item\">\n      <h4><span class=\"counter\">7583<\/span><\/h4>\n      <p>Mutlu M\u00fc\u015fteri<\/p>\n  <\/div>\n[\/vc_column][vc_column width=&#8221;1\/3&#8243; wap_class=&#8221;col-md-3 col-sm-4 col-xs-4&#8243; type=&#8221;column&#8221;] \n    <div class=\"since_count_item\">\n      <h4><span class=\"counter\">4845<\/span><\/h4>\n      <p>\u00dcr\u00fcn Sat\u0131\u015f\u0131<\/p>\n  <\/div>\n[\/vc_column][vc_column width=&#8221;1\/3&#8243; wap_class=&#8221;col-md-3 col-sm-4 col-xs-4&#8243; type=&#8221;column&#8221;] \n    <div class=\"since_count_item\">\n      <h4><span class=\"counter\">5365<\/span><\/h4>\n      <p>Proje tamamland\u0131<\/p>\n  <\/div>\n[\/vc_column][\/vc_row][vc_row][vc_column] \n    <section class=\"video_text_area  pad_100\">\n      <div class=\"container\">\n          <div class=\"row\">\n              <div class=\"col-md-6 col-sm-6\">\n                  <div class=\"video_left_text\">\n                      <h3>Tecr\u00fcbe, Kalite ve G\u00fcven<\/h3>\n                      <p>\u00d6z Bobinaj , alan\u0131nda uzman kadrosu ile siz de\u011ferli m\u00fc\u015fterilerimize hizmet vermektedir. Firmam\u0131z b\u00fcnyesinde bobinaj sar\u0131m hizmetleri, matkap, hilti, k\u0131r\u0131c\u0131, delici, kaynak makinas\u0131, y\u0131kama makinalar\u0131 tamiri gibi bir \u00e7ok alanda sizlerin yan\u0131nda olmaya devam etmekteyiz. Ayn\u0131 zamanda firmam\u0131z TSE 12711 standartlar\u0131na uygun g\u00f6r\u00fclm\u00fc\u015ft\u00fcr.<\/p>\n                      <a class=\"learn_btn\" href=\"https:\/\/www.ozbobinaj.com\/index.php\/hakkimizda\/\">Biz kimiz?<\/a>\n                  <\/div>\n              <\/div>\n              <div class=\"col-md-6 col-sm-6\">\n                  <div class=\"video_box\">\n                      <img decoding=\"async\" src=\"https:\/\/www.ozbobinaj.com\/wp-content\/uploads\/2017\/11\/video-1.jpg\" alt=\"\">\n                      <a class=\"popup-youtube\" href=\"https:\/\/www.youtube.com\/watch?v=48uPk1SA37Y\"><i class=\"flaticon-play-button\"><\/i><\/a>\n                  <\/div>\n              <\/div>\n          <\/div>\n      <\/div>\n  <\/section>\n\n[\/vc_column][\/vc_row][vc_row][vc_column]    <section class=\"latest_news_area  pad_100\">\n            <div class=\"container\">\n                <div class=\"row m0\">\n                    <div class=\"pull-left\">\n                        <div class=\"left_title\">\n                            <h2>Son Yaz\u0131lar<\/h2>\n                        <\/div>\n                    <\/div>\n                    <div class=\"pull-right\">\n                        <a class=\"read_all\" href=\"#\">T\u00fcm\u00fcn\u00fc g\u00f6ster<\/a>\n                    <\/div>\n                <\/div>\n                <div class=\"row latest_blog_inner\">\n                                        <div class=\"col-md-4 col-sm-6\">\n                        <div class=\"blog_item\">\n                      <a href=\"https:\/\/www.ozbobinaj.com\/index.php\/2017\/11\/21\/endustriyel-bakim-ve-onarim\/\" class=\"blog_img\">\n                          <img decoding=\"async\" src=\"https:\/\/www.ozbobinaj.com\/wp-content\/uploads\/2017\/11\/bobinaj-blog.jpg\" alt=\"\">\n                      <\/a>\n                            <div class=\"text_blog\">\n                            <h5>21 Kas\u0131m 2017<\/h5>\n                            <a href=\"https:\/\/www.ozbobinaj.com\/index.php\/2017\/11\/21\/endustriyel-bakim-ve-onarim\/\"><h3>End\u00fcstriyel Bak\u0131m ve Onar\u0131m<\/h3><\/a>\n                            <p>                                 Her marka ve model end\u00fcstriyel ve el aleti tamiri, yedek par\u00e7a deste\u011fi ile garantili el aletleri tamiri servisi sunmaktay\u0131z. G\u00fcn\u00fcm\u00fczde olduk\u00e7a de\u011ferli olan ara\u00e7 gere\u00e7lerimiz; i\u015f hayat\u0131m\u0131zda bizlere olduk\u00e7a kolayl\u0131klar sa\u011flamakta. D\u00fczenli bak\u0131mlar\u0131 ile uzun s\u00fcre kullanabilece\u011fimiz gibi; ar\u0131zal\u0131 elektrikli el aletlerinizi servisimizde tamir, bak\u0131m, sar\u0131m ve onar\u0131m\u0131 garantili...                                <\/p>\n                            <div class=\"blog_user\">\n                                <h4>                                    By                                    <a href=\"https:\/\/www.ozbobinaj.com\/index.php\/author\/ozbobinaj\/\" title=\"\u00d6z Bobinaj taraf\u0131ndan yaz\u0131lan yaz\u0131lar\" rel=\"author\">\u00d6z Bobinaj<\/a><\/h4>\n                            <\/div>\n                        <\/div>\n                        <\/div>\n                    <\/div>\n                                                                                 <div class=\"col-md-4 col-sm-6\">\n                        <div class=\"blog_item\">\n                      <a href=\"https:\/\/www.ozbobinaj.com\/index.php\/2017\/11\/21\/motor-bakimi-ve-tamiri\/\" class=\"blog_img\">\n                          <img decoding=\"async\" src=\"https:\/\/www.ozbobinaj.com\/wp-content\/uploads\/2017\/11\/bobinaj-blog.jpg\" alt=\"\">\n                      <\/a>\n                            <div class=\"text_blog\">\n                            <h5>21 Kas\u0131m 2017<\/h5>\n                            <a href=\"https:\/\/www.ozbobinaj.com\/index.php\/2017\/11\/21\/motor-bakimi-ve-tamiri\/\"><h3>Motor Bak\u0131m\u0131 ve Tamiri<\/h3><\/a>\n                            <p>                                 Makina imalat\u00e7\u0131s\u0131 taraf\u0131ndan d\u00fczenlenen kullan\u0131m klavuzunun incelenmesi, makinan\u0131n ar\u0131zal\u0131 k\u0131sm\u0131n s\u00f6k\u00fclmesi s\u0131ras\u0131nda, s\u00f6k\u00fclen par\u00e7alar\u0131n temizlenmesi ve s\u0131ral\u0131 bir \u015fekilde dizilmesi hususlar\u0131na dikkat edilmelidir. \u0130\u015f g\u00fcvenli\u011fi i\u00e7in \u00f6nce ana \u015falter kapat\u0131l\u0131r, tezgah \u015falteri kapat\u0131l\u0131r ve tezgah\u0131n ar\u0131zal\u0131 oldu\u011funu g\u00f6steren bir yaz\u0131 levhas\u0131 as\u0131l\u0131r. At\u00f6lyede kullan\u0131lan makinalarda meydana genel ar\u0131zalar, elektrik...                                <\/p>\n                            <div class=\"blog_user\">\n                                <h4>                                    By                                    <a href=\"https:\/\/www.ozbobinaj.com\/index.php\/author\/ozbobinaj\/\" title=\"\u00d6z Bobinaj taraf\u0131ndan yaz\u0131lan yaz\u0131lar\" rel=\"author\">\u00d6z Bobinaj<\/a><\/h4>\n                            <\/div>\n                        <\/div>\n                        <\/div>\n                    <\/div>\n                                                                                 <div class=\"col-md-4 col-sm-6\">\n                        <div class=\"blog_item\">\n                      <a href=\"https:\/\/www.ozbobinaj.com\/index.php\/2017\/11\/21\/dalgic-pompa-tamiri\/\" class=\"blog_img\">\n                          <img decoding=\"async\" src=\"https:\/\/www.ozbobinaj.com\/wp-content\/uploads\/2017\/11\/bobinaj-blog.jpg\" alt=\"\">\n                      <\/a>\n                            <div class=\"text_blog\">\n                            <h5>21 Kas\u0131m 2017<\/h5>\n                            <a href=\"https:\/\/www.ozbobinaj.com\/index.php\/2017\/11\/21\/dalgic-pompa-tamiri\/\"><h3>Dalg\u0131\u00e7 Pompa Tamiri<\/h3><\/a>\n                            <p>                                 DALGI\u00c7 POMPALARA DA D\u0130KKAT ED\u0130LMES\u0130 GEREKEN KURALLAR A: KULLANILAN MEKAN\u0130K SALMASTRA B: OR\u0130NG TAKIMI C: MOTOR SARIMI D: KULLANILAN YALITIM MALZEMELER\u0130 E: SERTLE\u015eT\u0130R\u0130C\u0130 Motor sar\u0131m\u0131nda dikkat edilmesi gereken kurallar motor sar\u0131m\u0131n da \u00f6ncelikle y\u00fcksek \u0131s\u0131ya dayan\u0131kl\u0131 yanmaz prens bantlar kullan\u0131lmas\u0131 gerekmektedir vernik se\u00e7enekleri hava kurumal\u0131 vernik tercih edilmesi gerekmektedir...                                <\/p>\n                            <div class=\"blog_user\">\n                                <h4>                                    By                                    <a href=\"https:\/\/www.ozbobinaj.com\/index.php\/author\/ozbobinaj\/\" title=\"\u00d6z Bobinaj taraf\u0131ndan yaz\u0131lan yaz\u0131lar\" rel=\"author\">\u00d6z Bobinaj<\/a><\/h4>\n                            <\/div>\n                        <\/div>\n                        <\/div>\n                    <\/div>\n                                                                 <\/div>\n            <\/div>\n        <\/section>\n[\/vc_column][\/vc_row][vc_row type_row=&#8221;contact_querry_area&#8221; ses_image=&#8221;160&#8243;][vc_column]<div role=\"form\" class=\"wpcf7\" id=\"wpcf7-f159-o1\" lang=\"en-US\" dir=\"ltr\">\n<div class=\"screen-reader-response\"><p role=\"status\" aria-live=\"polite\" aria-atomic=\"true\"><\/p> <ul><\/ul><\/div>\n<form action=\"\/index.php\/wp-json\/wp\/v2\/pages\/130#wpcf7-f159-o1\" method=\"post\" class=\"wpcf7-form init\" novalidate=\"novalidate\" data-status=\"init\">\n<div style=\"display: none;\">\n<input type=\"hidden\" name=\"_wpcf7\" value=\"159\" \/>\n<input type=\"hidden\" name=\"_wpcf7_version\" value=\"5.6.4\" \/>\n<input type=\"hidden\" name=\"_wpcf7_locale\" value=\"en_US\" \/>\n<input type=\"hidden\" name=\"_wpcf7_unit_tag\" value=\"wpcf7-f159-o1\" \/>\n<input type=\"hidden\" name=\"_wpcf7_container_post\" value=\"0\" \/>\n<input type=\"hidden\" name=\"_wpcf7_posted_data_hash\" value=\"\" \/>\n<\/div>\n<div class=\"col-md-6 col-sm-6\">\n<div class=\"querry_contact\">\n<div class=\"contact_us_form row m0\">\n<div class=\"form-group col-md-12\">\n                                    <span class=\"wpcf7-form-control-wrap\" data-name=\"your-email\"><input type=\"email\" name=\"your-email\" value=\"\" size=\"40\" class=\"wpcf7-form-control wpcf7-text wpcf7-email wpcf7-validates-as-required wpcf7-validates-as-email form-control\" aria-required=\"true\" aria-invalid=\"false\" placeholder=\"E-Posta Adresi*\" \/><\/span>\n                                <\/div>\n<div class=\"form-group col-md-12\">\n                                    <span class=\"wpcf7-form-control-wrap\" data-name=\"subject\"><input type=\"text\" name=\"subject\" value=\"\" size=\"40\" class=\"wpcf7-form-control wpcf7-text wpcf7-validates-as-required form-control\" aria-required=\"true\" aria-invalid=\"false\" placeholder=\"Konu*\" \/><\/span>\n                                <\/div>\n<div class=\"form-group col-md-12\">\n                                    <span class=\"wpcf7-form-control-wrap\" data-name=\"your-message\"><textarea name=\"your-message\" cols=\"40\" rows=\"1\" class=\"wpcf7-form-control wpcf7-textarea form-control\" aria-invalid=\"false\" placeholder=\"Mesaj\u0131n\u0131z*\"><\/textarea><\/span>\n                                <\/div>\n<div class=\"form-group col-md-12\">\n                                    <input type=\"submit\" value=\"Mesaj\u0131 G\u00f6nder\" class=\"wpcf7-form-control has-spinner wpcf7-submit btn_contact1 btn submit_btn form-control\" \/>\n                                <\/div>\n<\/div>\n<\/div>\n<\/div>\n<div class=\"col-md-5 col-md-offset-1 col-sm-6\">\n<div class=\"querry_text\">\n<h6>Bize ula\u015f\u0131n<\/h6>\n<h3 class=\"single_bar_title\">T\u00fcm soru(n)lar\u0131n\u0131z i\u00e7in<br \/> bize mesaj g\u00f6nderebilirsiniz.<\/h3>\n<h5>Bizi Hemen Aray\u0131n<\/h5>\n<h4>0226 353 26 03<\/h4>\n<\/div>\n<\/div>\n<div class=\"wpcf7-response-output\" aria-hidden=\"true\"><\/div><\/form><\/div>[\/vc_column][\/vc_row]<\/p>\n","protected":false},"excerpt":{"rendered":"<p>[vc_row][vc_column][rev_slider_vc alias=&#8221;slider1&#8243;][\/vc_column][\/vc_row][vc_row type_row=&#8221;welcome&#8221; ses_title=&#8221;\u00d6z Bobinaj&#8217;a ho\u015f geldiniz&#8221; ses_subtitle=&#8221;Alan\u0131nda uzman kadromuz ile siz de\u011ferli m\u00fc\u015fterilerimize hizmet vermektedir. Firmam\u0131z b\u00fcnyesinde bobinaj sar\u0131m hizmetleri, matkap, hilti, k\u0131r\u0131c\u0131, delici, kaynak makinas\u0131, y\u0131kama makinalar\u0131 tamiri gibi bir \u00e7ok alanda hizmet veriyoruz.&#8221;][vc_column width=&#8221;1\/3&#8243; type=&#8221;column&#8221;][\/vc_column][vc_column width=&#8221;1\/3&#8243; type=&#8221;column&#8221;][\/vc_column][vc_column width=&#8221;1\/3&#8243; type=&#8221;column&#8221;][\/vc_column][\/vc_row][vc_row][vc_column][\/vc_column][\/vc_row][vc_row type_row=&#8221;since_area&#8221; ses_title=&#8221;\u00d6z Bobinaj 1981&#8217;den beri..&#8221; ses_subtitle=&#8221;Bobinaj sekt\u00f6r\u00fcndeki \u00e7\u00f6z\u00fcm orta\u011f\u0131n\u0131z.&#8221; ses_image=&#8221;142&#8243;][vc_column width=&#8221;1\/3&#8243; wap_class=&#8221;col-md-3 col-sm-4 [&hellip;]<\/p>\n","protected":false},"author":1,"featured_media":0,"parent":0,"menu_order":0,"comment_status":"closed","ping_status":"closed","template":"page-templates\/template-home.php","meta":{"_monsterinsights_skip_tracking":false,"_monsterinsights_sitenote_active":false,"_monsterinsights_sitenote_note":"","_monsterinsights_sitenote_category":0,"footnotes":""},"class_list":["post-130","page","type-page","status-publish","hentry"],"aioseo_notices":[],"_links":{"self":[{"href":"https:\/\/www.ozbobinaj.com\/index.php\/wp-json\/wp\/v2\/pages\/130","targetHints":{"allow":["GET"]}}],"collection":[{"href":"https:\/\/www.ozbobinaj.com\/index.php\/wp-json\/wp\/v2\/pages"}],"about":[{"href":"https:\/\/www.ozbobinaj.com\/index.php\/wp-json\/wp\/v2\/types\/page"}],"author":[{"embeddable":true,"href":"https:\/\/www.ozbobinaj.com\/index.php\/wp-json\/wp\/v2\/users\/1"}],"replies":[{"embeddable":true,"href":"https:\/\/www.ozbobinaj.com\/index.php\/wp-json\/wp\/v2\/comments?post=130"}],"version-history":[{"count":29,"href":"https:\/\/www.ozbobinaj.com\/index.php\/wp-json\/wp\/v2\/pages\/130\/revisions"}],"predecessor-version":[{"id":631,"href":"https:\/\/www.ozbobinaj.com\/index.php\/wp-json\/wp\/v2\/pages\/130\/revisions\/631"}],"wp:attachment":[{"href":"https:\/\/www.ozbobinaj.com\/index.php\/wp-json\/wp\/v2\/media?parent=130"}],"curies":[{"name":"wp","href":"https:\/\/api.w.org\/{rel}","templated":true}]}}